{"id":3442,"date":"2023-01-16T17:53:05","date_gmt":"2023-01-16T16:53:05","guid":{"rendered":"https:\/\/argotek.es\/?page_id=3442"},"modified":"2023-05-16T16:51:17","modified_gmt":"2023-05-16T15:51:17","slug":"instalaciones-mecanicas","status":"publish","type":"page","link":"https:\/\/argotek.es\/en\/instalaciones-mecanicas\/","title":{"rendered":"Mechanic Installations"},"content":{"rendered":"<div id=\"fws_69e0d289139b0\"  data-column-margin=\"default\" data-midnight=\"light\" data-top-percent=\"14,5%\" data-bottom-percent=\"14,5%\"  class=\"wpb_row vc_row-fluid vc_row full-width-content vc_row-o-equal-height vc_row-flex vc_row-o-content-top  zindex-set mobile-disable-bg-image-animation right_padding_8pct left_padding_8pct nectar-overflow-hidden right_padding_phone_0px left_padding_phone_0px\"  style=\"padding-top: calc(100vw * 0.14); padding-bottom: calc(100vw * 0.14);  z-index: 100;\"><div class=\"row-bg-wrap\" data-bg-animation=\"fade-in\" data-bg-animation-delay=\"\" data-bg-overlay=\"true\"><div class=\"inner-wrap row-bg-layer using-image\" style=\"background-color: #2b323a;\" ><div class=\"row-bg viewport-desktop using-image using-bg-color\"  style=\"background-image: url(https:\/\/argotek.es\/wp-content\/uploads\/2023\/01\/sergei-a-hFBFC5YmIck-unsplash.jpg); background-position: center bottom; background-repeat: no-repeat; background-color: #2b323a; \"><\/div><\/div><div class=\"row-bg-overlay row-bg-layer\" style=\"background-color:rgba(0,0,0,0.78);  opacity: 0.8; \"><\/div><\/div><div class=\"row_col_wrap_12 col span_12 light left\">\n\t<div style=\"margin-top: 7%; margin-bottom: 7%; \" class=\"vc_col-sm-12 wpb_column column_container vc_column_container col column_position_static el_spacing_0px top_margin_phone_40pct bottom_margin_phone_40pct left_padding_desktop_10pct left_padding_phone_5pct right_padding_desktop_10pct right_padding_phone_5pct\"  data-padding-pos=\"all\" data-has-bg-color=\"false\" data-bg-color=\"\" data-bg-opacity=\"1\" data-animation=\"\" data-delay=\"0\" >\n\t\t<div class=\"vc_column-inner\" >\n\t\t\t<div class=\"wpb_wrapper\">\n\t\t\t\t<div class=\"nectar-highlighted-text font_size_4vw font_line_height_1-1\" data-style=\"full_text\" data-exp=\"default\" data-using-custom-color=\"false\" data-animation-delay=\"false\" data-color=\"\" data-color-gradient=\"\" style=\"\"><h1 style=\"text-align: center\">Mechanic Installations<\/h1>\n<\/div>\n\t\t\t<\/div> \n\t\t<\/div>\n\t<\/div> \n<\/div><\/div>\n\t\t<div id=\"fws_69e0d28914acb\"  data-column-margin=\"custom\" data-midnight=\"dark\" data-top-percent=\"5%\" data-bottom-percent=\"0%\"  class=\"wpb_row vc_row-fluid vc_row full-width-content vc_row-o-equal-height vc_row-flex vc_row-o-content-top  right_padding_10pct left_padding_10pct column-margin-4pct\"  style=\"padding-top: calc(100vw * 0.05); padding-bottom: calc(100vw * 0.00); \"><div class=\"row-bg-wrap\" data-bg-animation=\"none\" data-bg-animation-delay=\"\" data-bg-overlay=\"false\"><div class=\"inner-wrap row-bg-layer\" ><div class=\"row-bg viewport-desktop using-bg-color\"  style=\"background-color: #f5f5f5; \"><\/div><\/div><\/div><div class=\"row_col_wrap_12 col span_12 dark left\">\n\t<div  class=\"vc_col-sm-4 wpb_column column_container vc_column_container col left_padding_desktop_0px top_padding_desktop_2pct right_padding_desktop_0px bottom_padding_desktop_2pct\"  data-padding-pos=\"all\" data-has-bg-color=\"false\" data-bg-color=\"\" data-bg-opacity=\"1\" data-animation=\"\" data-delay=\"0\" >\n\t\t<div class=\"vc_column-inner\" >\n\t\t\t<div class=\"wpb_wrapper\">\n\t\t\t\t<div class=\"img-with-aniamtion-wrap\" data-max-width=\"100%\" data-max-width-mobile=\"default\" data-shadow=\"none\" data-animation=\"none\"  style=\"margin-bottom: 7%; \">\n      <div class=\"inner\">\n        <div class=\"hover-wrap\"> \n          <div class=\"hover-wrap-inner\">\n            <img loading=\"lazy\" decoding=\"async\" class=\"img-with-animation skip-lazy\" data-delay=\"0\" height=\"700\" width=\"700\" data-animation=\"none\" src=\"https:\/\/argotek.es\/wp-content\/uploads\/2023\/05\/climatizacion.jpg\" alt=\"\" srcset=\"https:\/\/argotek.es\/wp-content\/uploads\/2023\/05\/climatizacion.jpg 700w, https:\/\/argotek.es\/wp-content\/uploads\/2023\/05\/climatizacion-300x300.jpg 300w, https:\/\/argotek.es\/wp-content\/uploads\/2023\/05\/climatizacion-150x150.jpg 150w, https:\/\/argotek.es\/wp-content\/uploads\/2023\/05\/climatizacion-100x100.jpg 100w, https:\/\/argotek.es\/wp-content\/uploads\/2023\/05\/climatizacion-140x140.jpg 140w, https:\/\/argotek.es\/wp-content\/uploads\/2023\/05\/climatizacion-500x500.jpg 500w, https:\/\/argotek.es\/wp-content\/uploads\/2023\/05\/climatizacion-350x350.jpg 350w\" sizes=\"auto, (max-width: 700px) 100vw, 700px\" \/>\n          <\/div>\n        <\/div>\n      <\/div>\n    <\/div>\n<div class=\"wpb_text_column wpb_content_element\" >\n\t<div class=\"wpb_wrapper\">\n\t\t<h3 style=\"text-align: left;\"><strong>Air conditioning<\/strong><\/h3>\n\t<\/div>\n<\/div>\n\n\n\n\n\t\t\t<\/div> \n\t\t<\/div>\n\t<\/div> \n\n\t<div  class=\"vc_col-sm-4 wpb_column column_container vc_column_container col left_padding_desktop_0px top_padding_desktop_2pct right_padding_desktop_0px bottom_padding_desktop_2pct\"  data-padding-pos=\"all\" data-has-bg-color=\"false\" data-bg-color=\"\" data-bg-opacity=\"1\" data-animation=\"\" data-delay=\"0\" >\n\t\t<div class=\"vc_column-inner\" >\n\t\t\t<div class=\"wpb_wrapper\">\n\t\t\t\t<div class=\"img-with-aniamtion-wrap\" data-max-width=\"100%\" data-max-width-mobile=\"default\" data-shadow=\"none\" data-animation=\"none\"  style=\"margin-bottom: 7%; \">\n      <div class=\"inner\">\n        <div class=\"hover-wrap\"> \n          <div class=\"hover-wrap-inner\">\n            <img loading=\"lazy\" decoding=\"async\" class=\"img-with-animation skip-lazy\" data-delay=\"0\" height=\"700\" width=\"700\" data-animation=\"none\" src=\"https:\/\/argotek.es\/wp-content\/uploads\/2023\/05\/ventilacion.jpg\" alt=\"\" srcset=\"https:\/\/argotek.es\/wp-content\/uploads\/2023\/05\/ventilacion.jpg 700w, https:\/\/argotek.es\/wp-content\/uploads\/2023\/05\/ventilacion-300x300.jpg 300w, https:\/\/argotek.es\/wp-content\/uploads\/2023\/05\/ventilacion-150x150.jpg 150w, https:\/\/argotek.es\/wp-content\/uploads\/2023\/05\/ventilacion-100x100.jpg 100w, https:\/\/argotek.es\/wp-content\/uploads\/2023\/05\/ventilacion-140x140.jpg 140w, https:\/\/argotek.es\/wp-content\/uploads\/2023\/05\/ventilacion-500x500.jpg 500w, https:\/\/argotek.es\/wp-content\/uploads\/2023\/05\/ventilacion-350x350.jpg 350w\" sizes=\"auto, (max-width: 700px) 100vw, 700px\" \/>\n          <\/div>\n        <\/div>\n      <\/div>\n    <\/div>\n<div class=\"wpb_text_column wpb_content_element\" >\n\t<div class=\"wpb_wrapper\">\n\t\t<h3 style=\"text-align: left;\">Ventilation<\/h3>\n\t<\/div>\n<\/div>\n\n\n\n\n\t\t\t<\/div> \n\t\t<\/div>\n\t<\/div> \n\n\t<div  class=\"vc_col-sm-4 wpb_column column_container vc_column_container col left_padding_desktop_0px top_padding_desktop_2pct right_padding_desktop_0px bottom_padding_desktop_2pct\"  data-padding-pos=\"all\" data-has-bg-color=\"false\" data-bg-color=\"\" data-bg-opacity=\"1\" data-animation=\"\" data-delay=\"0\" >\n\t\t<div class=\"vc_column-inner\" >\n\t\t\t<div class=\"wpb_wrapper\">\n\t\t\t\t<div class=\"img-with-aniamtion-wrap\" data-max-width=\"100%\" data-max-width-mobile=\"default\" data-shadow=\"none\" data-animation=\"none\"  style=\"margin-bottom: 7%; \">\n      <div class=\"inner\">\n        <div class=\"hover-wrap\"> \n          <div class=\"hover-wrap-inner\">\n            <img loading=\"lazy\" decoding=\"async\" class=\"img-with-animation skip-lazy\" data-delay=\"0\" height=\"700\" width=\"700\" data-animation=\"none\" src=\"https:\/\/argotek.es\/wp-content\/uploads\/2023\/05\/frigorificos.jpg\" alt=\"\" srcset=\"https:\/\/argotek.es\/wp-content\/uploads\/2023\/05\/frigorificos.jpg 700w, https:\/\/argotek.es\/wp-content\/uploads\/2023\/05\/frigorificos-300x300.jpg 300w, https:\/\/argotek.es\/wp-content\/uploads\/2023\/05\/frigorificos-150x150.jpg 150w, https:\/\/argotek.es\/wp-content\/uploads\/2023\/05\/frigorificos-100x100.jpg 100w, https:\/\/argotek.es\/wp-content\/uploads\/2023\/05\/frigorificos-140x140.jpg 140w, https:\/\/argotek.es\/wp-content\/uploads\/2023\/05\/frigorificos-500x500.jpg 500w, https:\/\/argotek.es\/wp-content\/uploads\/2023\/05\/frigorificos-350x350.jpg 350w\" sizes=\"auto, (max-width: 700px) 100vw, 700px\" \/>\n          <\/div>\n        <\/div>\n      <\/div>\n    <\/div>\n<div class=\"wpb_text_column wpb_content_element\" >\n\t<div class=\"wpb_wrapper\">\n\t\t<h3 style=\"text-align: left;\"><strong>Industrial Cooling<\/strong><\/h3>\n\t<\/div>\n<\/div>\n\n\n\n\n\t\t\t<\/div> \n\t\t<\/div>\n\t<\/div> \n<\/div><\/div>\n\t\t<div id=\"fws_69e0d289182eb\"  data-column-margin=\"custom\" data-midnight=\"dark\" data-top-percent=\"0%\" data-bottom-percent=\"0%\"  class=\"wpb_row vc_row-fluid vc_row full-width-content vc_row-o-equal-height vc_row-flex vc_row-o-content-top  right_padding_10pct left_padding_10pct column-margin-4pct\"  style=\"padding-top: calc(100vw * 0.00); padding-bottom: calc(100vw * 0.00); \"><div class=\"row-bg-wrap\" data-bg-animation=\"none\" data-bg-animation-delay=\"\" data-bg-overlay=\"false\"><div class=\"inner-wrap row-bg-layer\" ><div class=\"row-bg viewport-desktop using-bg-color\"  style=\"background-color: #f5f5f5; \"><\/div><\/div><\/div><div class=\"row_col_wrap_12 col span_12 dark left\">\n\t<div  class=\"vc_col-sm-4 wpb_column column_container vc_column_container col left_padding_desktop_0px top_padding_desktop_5pct right_padding_desktop_0px bottom_padding_desktop_2pct\"  data-padding-pos=\"all\" data-has-bg-color=\"false\" data-bg-color=\"\" data-bg-opacity=\"1\" data-animation=\"\" data-delay=\"0\" >\n\t\t<div class=\"vc_column-inner\" >\n\t\t\t<div class=\"wpb_wrapper\">\n\t\t\t\t<div class=\"img-with-aniamtion-wrap\" data-max-width=\"100%\" data-max-width-mobile=\"default\" data-shadow=\"none\" data-animation=\"none\"  style=\"margin-bottom: 7%; \">\n      <div class=\"inner\">\n        <div class=\"hover-wrap\"> \n          <div class=\"hover-wrap-inner\">\n            <img loading=\"lazy\" decoding=\"async\" class=\"img-with-animation skip-lazy\" data-delay=\"0\" height=\"700\" width=\"700\" data-animation=\"none\" src=\"https:\/\/argotek.es\/wp-content\/uploads\/2023\/03\/argotek-images-194.jpg\" alt=\"\" srcset=\"https:\/\/argotek.es\/wp-content\/uploads\/2023\/03\/argotek-images-194.jpg 700w, https:\/\/argotek.es\/wp-content\/uploads\/2023\/03\/argotek-images-194-300x300.jpg 300w, https:\/\/argotek.es\/wp-content\/uploads\/2023\/03\/argotek-images-194-150x150.jpg 150w, https:\/\/argotek.es\/wp-content\/uploads\/2023\/03\/argotek-images-194-100x100.jpg 100w, https:\/\/argotek.es\/wp-content\/uploads\/2023\/03\/argotek-images-194-140x140.jpg 140w, https:\/\/argotek.es\/wp-content\/uploads\/2023\/03\/argotek-images-194-500x500.jpg 500w, https:\/\/argotek.es\/wp-content\/uploads\/2023\/03\/argotek-images-194-350x350.jpg 350w\" sizes=\"auto, (max-width: 700px) 100vw, 700px\" \/>\n          <\/div>\n        <\/div>\n      <\/div>\n    <\/div>\n<div class=\"wpb_text_column wpb_content_element\" >\n\t<div class=\"wpb_wrapper\">\n\t\t<h3 style=\"text-align: left;\">Fire Extinguishing<\/h3>\n\t<\/div>\n<\/div>\n\n\n\n\n\t\t\t<\/div> \n\t\t<\/div>\n\t<\/div> \n\n\t<div  class=\"vc_col-sm-4 wpb_column column_container vc_column_container col left_padding_desktop_0px top_padding_desktop_5pct right_padding_desktop_0px bottom_padding_desktop_2pct\"  data-padding-pos=\"all\" data-has-bg-color=\"false\" data-bg-color=\"\" data-bg-opacity=\"1\" data-animation=\"\" data-delay=\"0\" >\n\t\t<div class=\"vc_column-inner\" >\n\t\t\t<div class=\"wpb_wrapper\">\n\t\t\t\t<div class=\"img-with-aniamtion-wrap\" data-max-width=\"100%\" data-max-width-mobile=\"default\" data-shadow=\"none\" data-animation=\"none\"  style=\"margin-bottom: 7%; \">\n      <div class=\"inner\">\n        <div class=\"hover-wrap\"> \n          <div class=\"hover-wrap-inner\">\n            <img loading=\"lazy\" decoding=\"async\" class=\"img-with-animation skip-lazy\" data-delay=\"0\" height=\"800\" width=\"800\" data-animation=\"none\" src=\"https:\/\/argotek.es\/wp-content\/uploads\/2023\/05\/Fontaneria-y-saneamiento.jpg\" alt=\"\" srcset=\"https:\/\/argotek.es\/wp-content\/uploads\/2023\/05\/Fontaneria-y-saneamiento.jpg 800w, https:\/\/argotek.es\/wp-content\/uploads\/2023\/05\/Fontaneria-y-saneamiento-300x300.jpg 300w, https:\/\/argotek.es\/wp-content\/uploads\/2023\/05\/Fontaneria-y-saneamiento-150x150.jpg 150w, https:\/\/argotek.es\/wp-content\/uploads\/2023\/05\/Fontaneria-y-saneamiento-768x768.jpg 768w, https:\/\/argotek.es\/wp-content\/uploads\/2023\/05\/Fontaneria-y-saneamiento-100x100.jpg 100w, https:\/\/argotek.es\/wp-content\/uploads\/2023\/05\/Fontaneria-y-saneamiento-140x140.jpg 140w, https:\/\/argotek.es\/wp-content\/uploads\/2023\/05\/Fontaneria-y-saneamiento-500x500.jpg 500w, https:\/\/argotek.es\/wp-content\/uploads\/2023\/05\/Fontaneria-y-saneamiento-350x350.jpg 350w\" sizes=\"auto, (max-width: 800px) 100vw, 800px\" \/>\n          <\/div>\n        <\/div>\n      <\/div>\n    <\/div>\n<div class=\"wpb_text_column wpb_content_element\" >\n\t<div class=\"wpb_wrapper\">\n\t\t<h3 style=\"text-align: left;\"><strong>Plumbing and Sanitation<\/strong><\/h3>\n\t<\/div>\n<\/div>\n\n\n\n\n\t\t\t<\/div> \n\t\t<\/div>\n\t<\/div> \n\n\t<div  class=\"vc_col-sm-4 wpb_column column_container vc_column_container col left_padding_desktop_0px top_padding_desktop_5pct right_padding_desktop_0px bottom_padding_desktop_2pct\"  data-padding-pos=\"all\" data-has-bg-color=\"false\" data-bg-color=\"\" data-bg-opacity=\"1\" data-animation=\"\" data-delay=\"0\" >\n\t\t<div class=\"vc_column-inner\" >\n\t\t\t<div class=\"wpb_wrapper\">\n\t\t\t\t<div class=\"img-with-aniamtion-wrap\" data-max-width=\"100%\" data-max-width-mobile=\"default\" data-shadow=\"none\" data-animation=\"none\"  style=\"margin-bottom: 7%; \">\n      <div class=\"inner\">\n        <div class=\"hover-wrap\"> \n          <div class=\"hover-wrap-inner\">\n            <img loading=\"lazy\" decoding=\"async\" class=\"img-with-animation skip-lazy\" data-delay=\"0\" height=\"700\" width=\"700\" data-animation=\"none\" src=\"https:\/\/argotek.es\/wp-content\/uploads\/2023\/03\/argotek-images-193.jpg\" alt=\"\" srcset=\"https:\/\/argotek.es\/wp-content\/uploads\/2023\/03\/argotek-images-193.jpg 700w, https:\/\/argotek.es\/wp-content\/uploads\/2023\/03\/argotek-images-193-300x300.jpg 300w, https:\/\/argotek.es\/wp-content\/uploads\/2023\/03\/argotek-images-193-150x150.jpg 150w, https:\/\/argotek.es\/wp-content\/uploads\/2023\/03\/argotek-images-193-100x100.jpg 100w, https:\/\/argotek.es\/wp-content\/uploads\/2023\/03\/argotek-images-193-140x140.jpg 140w, https:\/\/argotek.es\/wp-content\/uploads\/2023\/03\/argotek-images-193-500x500.jpg 500w, https:\/\/argotek.es\/wp-content\/uploads\/2023\/03\/argotek-images-193-350x350.jpg 350w\" sizes=\"auto, (max-width: 700px) 100vw, 700px\" \/>\n          <\/div>\n        <\/div>\n      <\/div>\n    <\/div>\n<div class=\"wpb_text_column wpb_content_element\" >\n\t<div class=\"wpb_wrapper\">\n\t\t<h3 style=\"text-align: left;\"><strong>Purification, Pumping and Treatment Stations<\/strong><\/h3>\n\t<\/div>\n<\/div>\n\n\n\n\n\t\t\t<\/div> \n\t\t<\/div>\n\t<\/div> \n<\/div><\/div>\n\t\t<div id=\"fws_69e0d2891b4e4\"  data-column-margin=\"custom\" data-midnight=\"dark\" data-top-percent=\"0%\" data-bottom-percent=\"5%\"  class=\"wpb_row vc_row-fluid vc_row full-width-content vc_row-o-equal-height vc_row-flex vc_row-o-content-top  right_padding_10pct left_padding_10pct column-margin-4pct\"  style=\"padding-top: calc(100vw * 0.00); padding-bottom: calc(100vw * 0.05); \"><div class=\"row-bg-wrap\" data-bg-animation=\"none\" data-bg-animation-delay=\"\" data-bg-overlay=\"false\"><div class=\"inner-wrap row-bg-layer\" ><div class=\"row-bg viewport-desktop using-bg-color\"  style=\"background-color: #f5f5f5; \"><\/div><\/div><\/div><div class=\"row_col_wrap_12 col span_12 dark left\">\n\t<div  class=\"vc_col-sm-4 wpb_column column_container vc_column_container col left_padding_desktop_0px top_padding_desktop_5pct right_padding_desktop_0px bottom_padding_desktop_2pct\"  data-padding-pos=\"all\" data-has-bg-color=\"false\" data-bg-color=\"\" data-bg-opacity=\"1\" data-animation=\"\" data-delay=\"0\" >\n\t\t<div class=\"vc_column-inner\" >\n\t\t\t<div class=\"wpb_wrapper\">\n\t\t\t\t<div class=\"img-with-aniamtion-wrap\" data-max-width=\"100%\" data-max-width-mobile=\"default\" data-shadow=\"none\" data-animation=\"none\"  style=\"margin-bottom: 7%; \">\n      <div class=\"inner\">\n        <div class=\"hover-wrap\"> \n          <div class=\"hover-wrap-inner\">\n            <img loading=\"lazy\" decoding=\"async\" class=\"img-with-animation skip-lazy\" data-delay=\"0\" height=\"700\" width=\"700\" data-animation=\"none\" src=\"https:\/\/argotek.es\/wp-content\/uploads\/2023\/03\/argotek-images-195.jpg\" alt=\"\" srcset=\"https:\/\/argotek.es\/wp-content\/uploads\/2023\/03\/argotek-images-195.jpg 700w, https:\/\/argotek.es\/wp-content\/uploads\/2023\/03\/argotek-images-195-300x300.jpg 300w, https:\/\/argotek.es\/wp-content\/uploads\/2023\/03\/argotek-images-195-150x150.jpg 150w, https:\/\/argotek.es\/wp-content\/uploads\/2023\/03\/argotek-images-195-100x100.jpg 100w, https:\/\/argotek.es\/wp-content\/uploads\/2023\/03\/argotek-images-195-140x140.jpg 140w, https:\/\/argotek.es\/wp-content\/uploads\/2023\/03\/argotek-images-195-500x500.jpg 500w, https:\/\/argotek.es\/wp-content\/uploads\/2023\/03\/argotek-images-195-350x350.jpg 350w\" sizes=\"auto, (max-width: 700px) 100vw, 700px\" \/>\n          <\/div>\n        <\/div>\n      <\/div>\n    <\/div>\n<div class=\"wpb_text_column wpb_content_element\" >\n\t<div class=\"wpb_wrapper\">\n\t\t<h3 style=\"text-align: left;\"><strong>Fuels: Natural Gas Networks and Tanks, Propane, Gasoi<\/strong><\/h3>\n\t<\/div>\n<\/div>\n\n\n\n\n\t\t\t<\/div> \n\t\t<\/div>\n\t<\/div> \n\n\t<div  class=\"vc_col-sm-4 wpb_column column_container vc_column_container col left_padding_desktop_15pct top_padding_desktop_10pct right_padding_desktop_15pct bottom_padding_desktop_10pct\"  data-padding-pos=\"all\" data-has-bg-color=\"false\" data-bg-color=\"\" data-bg-opacity=\"1\" data-animation=\"\" data-delay=\"0\" >\n\t\t<div class=\"vc_column-inner\" >\n\t\t\t<div class=\"wpb_wrapper\">\n\t\t\t\t\n\t\t\t<\/div> \n\t\t<\/div>\n\t<\/div> \n\n\t<div  class=\"vc_col-sm-4 wpb_column column_container vc_column_container col left_padding_desktop_15pct top_padding_desktop_10pct right_padding_desktop_15pct bottom_padding_desktop_10pct\"  data-padding-pos=\"all\" data-has-bg-color=\"false\" data-bg-color=\"\" data-bg-opacity=\"1\" data-animation=\"\" data-delay=\"0\" >\n\t\t<div class=\"vc_column-inner\" >\n\t\t\t<div class=\"wpb_wrapper\">\n\t\t\t\t\n\t\t\t<\/div> \n\t\t<\/div>\n\t<\/div> \n<\/div><\/div>","protected":false},"excerpt":{"rendered":"Instalaciones Mec\u00e1nicas Climatizaci\u00f3n Ventilaci\u00f3n Fr\u00edo Industrial Extinci\u00f3n de Incendios Fontaner\u00eda y Saneamientos Depuraci\u00f3n, Estaciones de Bombeo y Tratamiento Combustibles: Redes y Dep\u00f3sitos de Gas Natural, Propano, Gas\u00f3leo...","protected":false},"author":1,"featured_media":0,"parent":0,"menu_order":0,"comment_status":"closed","ping_status":"closed","template":"","meta":{"footnotes":""},"class_list":["post-3442","page","type-page","status-publish"],"_links":{"self":[{"href":"https:\/\/argotek.es\/en\/wp-json\/wp\/v2\/pages\/3442","targetHints":{"allow":["GET"]}}],"collection":[{"href":"https:\/\/argotek.es\/en\/wp-json\/wp\/v2\/pages"}],"about":[{"href":"https:\/\/argotek.es\/en\/wp-json\/wp\/v2\/types\/page"}],"author":[{"embeddable":true,"href":"https:\/\/argotek.es\/en\/wp-json\/wp\/v2\/users\/1"}],"replies":[{"embeddable":true,"href":"https:\/\/argotek.es\/en\/wp-json\/wp\/v2\/comments?post=3442"}],"version-history":[{"count":39,"href":"https:\/\/argotek.es\/en\/wp-json\/wp\/v2\/pages\/3442\/revisions"}],"predecessor-version":[{"id":4133,"href":"https:\/\/argotek.es\/en\/wp-json\/wp\/v2\/pages\/3442\/revisions\/4133"}],"wp:attachment":[{"href":"https:\/\/argotek.es\/en\/wp-json\/wp\/v2\/media?parent=3442"}],"curies":[{"name":"wp","href":"https:\/\/api.w.org\/{rel}","templated":true}]}}