{"id":3447,"date":"2023-01-16T18:02:17","date_gmt":"2023-01-16T17:02:17","guid":{"rendered":"https:\/\/argotek.es\/?page_id=3447"},"modified":"2024-07-31T08:02:47","modified_gmt":"2024-07-31T07:02:47","slug":"construccion","status":"publish","type":"page","link":"https:\/\/argotek.es\/en\/construccion\/","title":{"rendered":"Construction"},"content":{"rendered":"<div id=\"fws_69e0ea4e82d5c\"  data-column-margin=\"default\" data-midnight=\"light\" data-top-percent=\"14,5%\" data-bottom-percent=\"15,5%\"  class=\"wpb_row vc_row-fluid vc_row full-width-content vc_row-o-equal-height vc_row-flex vc_row-o-content-top  zindex-set mobile-disable-bg-image-animation right_padding_8pct left_padding_8pct nectar-overflow-hidden right_padding_phone_0px left_padding_phone_0px\"  style=\"padding-top: calc(100vw * 0.14); padding-bottom: calc(100vw * 0.15);  z-index: 100;\"><div class=\"row-bg-wrap\" data-bg-animation=\"fade-in\" data-bg-animation-delay=\"\" data-bg-overlay=\"true\"><div class=\"inner-wrap row-bg-layer using-image\" style=\"background-color: #000000;\" ><div class=\"row-bg viewport-desktop using-image using-bg-color\"  style=\"background-image: url(https:\/\/argotek.es\/wp-content\/uploads\/2023\/01\/ricardo-gomez-angel-sYK-jN0sKBY-unsplash.jpg); background-position: left center; background-repeat: no-repeat; background-color: #000000; \"><\/div><\/div><div class=\"row-bg-overlay row-bg-layer\" style=\"background-color:rgba(0,0,0,0.78);  opacity: 0.8; \"><\/div><\/div><div class=\"row_col_wrap_12 col span_12 light left\">\n\t<div style=\"margin-top: 7%; margin-bottom: 7%; \" class=\"vc_col-sm-12 wpb_column column_container vc_column_container col column_position_static el_spacing_0px top_margin_phone_40pct bottom_margin_phone_40pct left_padding_desktop_10pct left_padding_phone_5pct right_padding_desktop_10pct right_padding_phone_5pct\"  data-padding-pos=\"all\" data-has-bg-color=\"false\" data-bg-color=\"\" data-bg-opacity=\"1\" data-animation=\"\" data-delay=\"0\" >\n\t\t<div class=\"vc_column-inner\" >\n\t\t\t<div class=\"wpb_wrapper\">\n\t\t\t\t<div class=\"nectar-highlighted-text font_size_4vw font_line_height_0-95\" data-style=\"full_text\" data-exp=\"default\" data-using-custom-color=\"false\" data-animation-delay=\"false\" data-color=\"\" data-color-gradient=\"\" style=\"\"><h1 style=\"text-align: center\">Construction<\/h1>\n<\/div>\n\t\t\t<\/div> \n\t\t<\/div>\n\t<\/div> \n<\/div><\/div>\n\t\t<div id=\"fws_69e0ea4e83b29\"  data-column-margin=\"default\" data-midnight=\"dark\" data-top-percent=\"5%\" data-bottom-percent=\"1%\"  class=\"wpb_row vc_row-fluid vc_row full-width-content vc_row-o-equal-height vc_row-flex vc_row-o-content-top  right_padding_10pct left_padding_10pct top_padding_phone_15pct bottom_padding_phone_15pct right_padding_phone_10pct left_padding_phone_10pct\"  style=\"padding-top: calc(100vw * 0.05); padding-bottom: calc(100vw * 0.01); \"><div class=\"row-bg-wrap\" data-bg-animation=\"none\" data-bg-animation-delay=\"\" data-bg-overlay=\"false\"><div class=\"inner-wrap row-bg-layer\" ><div class=\"row-bg viewport-desktop using-bg-color\"  style=\"background-color: #f5f5f5; \"><\/div><\/div><\/div><div class=\"row_col_wrap_12 col span_12 dark left\">\n\t<div  class=\"vc_col-sm-12 wpb_column column_container vc_column_container col no-extra-padding inherit_tablet inherit_phone\"  data-padding-pos=\"all\" data-has-bg-color=\"false\" data-bg-color=\"\" data-bg-opacity=\"1\" data-animation=\"\" data-delay=\"0\" >\n\t\t<div class=\"vc_column-inner\" >\n\t\t\t<div class=\"wpb_wrapper\">\n\t\t\t\t<div class=\"nectar-highlighted-text\" data-style=\"scribble\" data-exp=\"default\" data-using-custom-color=\"false\" data-animation-delay=\"false\" data-color=\"\" data-color-gradient=\"\" style=\"\"><h2><strong>Comprehensive service in building works and <em>civil engineering.<svg class=\"nectar-scribble sketch-underline\" role=\"presentation\" viewbox=\"-158.17 -22.0172 289.2 53.8\" preserveaspectratio=\"none\"><path style=\"animation-duration: 1.8s;\" d=\"M -153.17 20.736 C -153.17 20.736 -135 -1 -118 -1 C -99 -1 -136.093 33.632 -117 26 C -105 18 -80 5 -74 1 C -51 -10 -63 9 -58.375 20.387 C -54.89 29.449 -26 3 -9 -1 C 14 -8 -17.599 24.918 1.917 22.827 C 21.434 20.735 37 3 49 0 C 62 -3 55.24 32.585 75 23 C 95 12 95 -1 114 -2\" stroke=\"#f7be00\" pathlength=\"1\" stroke-width=\"8\" fill=\"none\"\/><\/svg><\/em><em><span style=\"color: #f7be00\">.<\/span><svg class=\"nectar-scribble sketch-underline\" role=\"presentation\" viewbox=\"-158.17 -22.0172 289.2 53.8\" preserveaspectratio=\"none\"><path style=\"animation-duration: 1.8s;\" d=\"M -153.17 20.736 C -153.17 20.736 -135 -1 -118 -1 C -99 -1 -136.093 33.632 -117 26 C -105 18 -80 5 -74 1 C -51 -10 -63 9 -58.375 20.387 C -54.89 29.449 -26 3 -9 -1 C 14 -8 -17.599 24.918 1.917 22.827 C 21.434 20.735 37 3 49 0 C 62 -3 55.24 32.585 75 23 C 95 12 95 -1 114 -2\" stroke=\"#f7be00\" pathlength=\"1\" stroke-width=\"8\" fill=\"none\"\/><\/svg><\/em><\/strong><\/h2>\n<\/div>\n\t\t\t<\/div> \n\t\t<\/div>\n\t<\/div> \n<\/div><\/div>\n\t\t<div id=\"fws_69e0ea4e841d2\"  data-column-margin=\"custom\" data-midnight=\"dark\" data-top-percent=\"2%\" data-bottom-percent=\"0%\"  class=\"wpb_row vc_row-fluid vc_row full-width-content vc_row-o-equal-height vc_row-flex vc_row-o-content-top  right_padding_10pct left_padding_10pct column-margin-4pct\"  style=\"padding-top: calc(100vw * 0.02); padding-bottom: calc(100vw * 0.00); \"><div class=\"row-bg-wrap\" data-bg-animation=\"none\" data-bg-animation-delay=\"\" data-bg-overlay=\"false\"><div class=\"inner-wrap row-bg-layer\" ><div class=\"row-bg viewport-desktop using-bg-color\"  style=\"background-color: #f5f5f5; \"><\/div><\/div><\/div><div class=\"row_col_wrap_12 col span_12 dark left\">\n\t<div  class=\"vc_col-sm-4 wpb_column column_container vc_column_container col left_padding_desktop_0px top_padding_desktop_2pct right_padding_desktop_0px bottom_padding_desktop_2pct\"  data-padding-pos=\"all\" data-has-bg-color=\"false\" data-bg-color=\"\" data-bg-opacity=\"1\" data-animation=\"\" data-delay=\"0\" >\n\t\t<div class=\"vc_column-inner\" >\n\t\t\t<div class=\"wpb_wrapper\">\n\t\t\t\t<div class=\"img-with-aniamtion-wrap\" data-max-width=\"100%\" data-max-width-mobile=\"default\" data-shadow=\"none\" data-animation=\"none\"  style=\"margin-bottom: 7%; \">\n      <div class=\"inner\">\n        <div class=\"hover-wrap\"> \n          <div class=\"hover-wrap-inner\">\n            <img loading=\"lazy\" decoding=\"async\" class=\"img-with-animation skip-lazy\" data-delay=\"0\" height=\"700\" width=\"700\" data-animation=\"none\" src=\"https:\/\/argotek.es\/wp-content\/uploads\/2024\/07\/1.png\" alt=\"Villa unifamiliar en Santa B\u00e1rbara, Rocafort, Valencia.\" srcset=\"https:\/\/argotek.es\/wp-content\/uploads\/2024\/07\/1.png 700w, https:\/\/argotek.es\/wp-content\/uploads\/2024\/07\/1-300x300.png 300w, https:\/\/argotek.es\/wp-content\/uploads\/2024\/07\/1-150x150.png 150w, https:\/\/argotek.es\/wp-content\/uploads\/2024\/07\/1-140x140.png 140w, https:\/\/argotek.es\/wp-content\/uploads\/2024\/07\/1-100x100.png 100w, https:\/\/argotek.es\/wp-content\/uploads\/2024\/07\/1-500x500.png 500w, https:\/\/argotek.es\/wp-content\/uploads\/2024\/07\/1-350x350.png 350w\" sizes=\"auto, (max-width: 700px) 100vw, 700px\" \/>\n          <\/div>\n        <\/div>\n      <\/div>\n    <\/div>\n<div class=\"wpb_text_column wpb_content_element\" >\n\t<div class=\"wpb_wrapper\">\n\t\t<h3 style=\"text-align: left;\"><strong>Building<\/strong><\/h3>\n\t<\/div>\n<\/div>\n\n\n\n\n<div class=\"wpb_text_column wpb_content_element\" >\n\t<div class=\"wpb_wrapper\">\n\t\t<p>Villa in Santa B\u00e1rbara, Rocafort, Valencia.<\/p>\n\t<\/div>\n<\/div>\n\n\n\n\n\t\t\t<\/div> \n\t\t<\/div>\n\t<\/div> \n\n\t<div  class=\"vc_col-sm-4 wpb_column column_container vc_column_container col left_padding_desktop_0px top_padding_desktop_2pct right_padding_desktop_0px bottom_padding_desktop_2pct\"  data-padding-pos=\"all\" data-has-bg-color=\"false\" data-bg-color=\"\" data-bg-opacity=\"1\" data-animation=\"\" data-delay=\"0\" >\n\t\t<div class=\"vc_column-inner\" >\n\t\t\t<div class=\"wpb_wrapper\">\n\t\t\t\t<div class=\"img-with-aniamtion-wrap\" data-max-width=\"100%\" data-max-width-mobile=\"default\" data-shadow=\"none\" data-animation=\"none\"  style=\"margin-bottom: 7%; \">\n      <div class=\"inner\">\n        <div class=\"hover-wrap\"> \n          <div class=\"hover-wrap-inner\">\n            <img loading=\"lazy\" decoding=\"async\" class=\"img-with-animation skip-lazy\" data-delay=\"0\" height=\"700\" width=\"700\" data-animation=\"none\" src=\"https:\/\/argotek.es\/wp-content\/uploads\/2024\/07\/2.png\" alt=\"\" srcset=\"https:\/\/argotek.es\/wp-content\/uploads\/2024\/07\/2.png 700w, https:\/\/argotek.es\/wp-content\/uploads\/2024\/07\/2-300x300.png 300w, https:\/\/argotek.es\/wp-content\/uploads\/2024\/07\/2-150x150.png 150w, https:\/\/argotek.es\/wp-content\/uploads\/2024\/07\/2-140x140.png 140w, https:\/\/argotek.es\/wp-content\/uploads\/2024\/07\/2-100x100.png 100w, https:\/\/argotek.es\/wp-content\/uploads\/2024\/07\/2-500x500.png 500w, https:\/\/argotek.es\/wp-content\/uploads\/2024\/07\/2-350x350.png 350w\" sizes=\"auto, (max-width: 700px) 100vw, 700px\" \/>\n          <\/div>\n        <\/div>\n      <\/div>\n    <\/div>\n<div class=\"wpb_text_column wpb_content_element\" >\n\t<div class=\"wpb_wrapper\">\n\t\t<h3 style=\"text-align: left;\"><strong>Building<\/strong><\/h3>\n\t<\/div>\n<\/div>\n\n\n\n\n<div class=\"wpb_text_column wpb_content_element\" >\n\t<div class=\"wpb_wrapper\">\n\t\t<p>Homes in Avenida P\u00e9rez Gald\u00f3s, Valencia.<\/p>\n\t<\/div>\n<\/div>\n\n\n\n\n\t\t\t<\/div> \n\t\t<\/div>\n\t<\/div> \n\n\t<div  class=\"vc_col-sm-4 wpb_column column_container vc_column_container col left_padding_desktop_0px top_padding_desktop_2pct right_padding_desktop_0px bottom_padding_desktop_2pct\"  data-padding-pos=\"all\" data-has-bg-color=\"false\" data-bg-color=\"\" data-bg-opacity=\"1\" data-animation=\"\" data-delay=\"0\" >\n\t\t<div class=\"vc_column-inner\" >\n\t\t\t<div class=\"wpb_wrapper\">\n\t\t\t\t<div class=\"img-with-aniamtion-wrap\" data-max-width=\"100%\" data-max-width-mobile=\"default\" data-shadow=\"none\" data-animation=\"none\"  style=\"margin-bottom: 7%; \">\n      <div class=\"inner\">\n        <div class=\"hover-wrap\"> \n          <div class=\"hover-wrap-inner\">\n            <img loading=\"lazy\" decoding=\"async\" class=\"img-with-animation skip-lazy\" data-delay=\"0\" height=\"700\" width=\"700\" data-animation=\"none\" src=\"https:\/\/argotek.es\/wp-content\/uploads\/2024\/07\/Diseno-sin-titulo-18-1.png\" alt=\"20 viviendas adosadas en Sagunto\" srcset=\"https:\/\/argotek.es\/wp-content\/uploads\/2024\/07\/Diseno-sin-titulo-18-1.png 700w, https:\/\/argotek.es\/wp-content\/uploads\/2024\/07\/Diseno-sin-titulo-18-1-300x300.png 300w, https:\/\/argotek.es\/wp-content\/uploads\/2024\/07\/Diseno-sin-titulo-18-1-150x150.png 150w, https:\/\/argotek.es\/wp-content\/uploads\/2024\/07\/Diseno-sin-titulo-18-1-140x140.png 140w, https:\/\/argotek.es\/wp-content\/uploads\/2024\/07\/Diseno-sin-titulo-18-1-100x100.png 100w, https:\/\/argotek.es\/wp-content\/uploads\/2024\/07\/Diseno-sin-titulo-18-1-500x500.png 500w, https:\/\/argotek.es\/wp-content\/uploads\/2024\/07\/Diseno-sin-titulo-18-1-350x350.png 350w\" sizes=\"auto, (max-width: 700px) 100vw, 700px\" \/>\n          <\/div>\n        <\/div>\n      <\/div>\n    <\/div>\n<div class=\"wpb_text_column wpb_content_element\" >\n\t<div class=\"wpb_wrapper\">\n\t\t<h3 style=\"text-align: left;\"><strong>Building<\/strong><\/h3>\n\t<\/div>\n<\/div>\n\n\n\n\n<div class=\"wpb_text_column wpb_content_element\" >\n\t<div class=\"wpb_wrapper\">\n\t\t<p>20 Semi-detached houses in Sagunto, Valencia.<\/p>\n\t<\/div>\n<\/div>\n\n\n\n\n\t\t\t<\/div> \n\t\t<\/div>\n\t<\/div> \n<\/div><\/div>\n\t\t<div id=\"fws_69e0ea4e86a15\"  data-column-margin=\"custom\" data-midnight=\"dark\" data-top-percent=\"2%\" data-bottom-percent=\"0%\"  class=\"wpb_row vc_row-fluid vc_row full-width-content vc_row-o-equal-height vc_row-flex vc_row-o-content-top  right_padding_10pct left_padding_10pct column-margin-4pct\"  style=\"padding-top: calc(100vw * 0.02); padding-bottom: calc(100vw * 0.00); \"><div class=\"row-bg-wrap\" data-bg-animation=\"none\" data-bg-animation-delay=\"\" data-bg-overlay=\"false\"><div class=\"inner-wrap row-bg-layer\" ><div class=\"row-bg viewport-desktop using-bg-color\"  style=\"background-color: #f5f5f5; \"><\/div><\/div><\/div><div class=\"row_col_wrap_12 col span_12 dark left\">\n\t<div  class=\"vc_col-sm-4 wpb_column column_container vc_column_container col left_padding_desktop_0px top_padding_desktop_2pct right_padding_desktop_0px bottom_padding_desktop_2pct\"  data-padding-pos=\"all\" data-has-bg-color=\"false\" data-bg-color=\"\" data-bg-opacity=\"1\" data-animation=\"\" data-delay=\"0\" >\n\t\t<div class=\"vc_column-inner\" >\n\t\t\t<div class=\"wpb_wrapper\">\n\t\t\t\t<div class=\"img-with-aniamtion-wrap\" data-max-width=\"100%\" data-max-width-mobile=\"default\" data-shadow=\"none\" data-animation=\"none\"  style=\"margin-bottom: 7%; \">\n      <div class=\"inner\">\n        <div class=\"hover-wrap\"> \n          <div class=\"hover-wrap-inner\">\n            <img loading=\"lazy\" decoding=\"async\" class=\"img-with-animation skip-lazy\" data-delay=\"0\" height=\"700\" width=\"700\" data-animation=\"none\" src=\"https:\/\/argotek.es\/wp-content\/uploads\/2024\/07\/4.png\" alt=\"\" srcset=\"https:\/\/argotek.es\/wp-content\/uploads\/2024\/07\/4.png 700w, https:\/\/argotek.es\/wp-content\/uploads\/2024\/07\/4-300x300.png 300w, https:\/\/argotek.es\/wp-content\/uploads\/2024\/07\/4-150x150.png 150w, https:\/\/argotek.es\/wp-content\/uploads\/2024\/07\/4-140x140.png 140w, https:\/\/argotek.es\/wp-content\/uploads\/2024\/07\/4-100x100.png 100w, https:\/\/argotek.es\/wp-content\/uploads\/2024\/07\/4-500x500.png 500w, https:\/\/argotek.es\/wp-content\/uploads\/2024\/07\/4-350x350.png 350w\" sizes=\"auto, (max-width: 700px) 100vw, 700px\" \/>\n          <\/div>\n        <\/div>\n      <\/div>\n    <\/div>\n<div class=\"wpb_text_column wpb_content_element\" >\n\t<div class=\"wpb_wrapper\">\n\t\t<h3 style=\"text-align: left;\"><strong>Civil engineering<\/strong><\/h3>\n\t<\/div>\n<\/div>\n\n\n\n\n<div class=\"wpb_text_column wpb_content_element\" >\n\t<div class=\"wpb_wrapper\">\n\t\t<p>Development of roads in the historic centre of Bocairent.<\/p>\n\t<\/div>\n<\/div>\n\n\n\n\n\t\t\t<\/div> \n\t\t<\/div>\n\t<\/div> \n\n\t<div  class=\"vc_col-sm-4 wpb_column column_container vc_column_container col left_padding_desktop_0px top_padding_desktop_2pct right_padding_desktop_0px bottom_padding_desktop_2pct\"  data-padding-pos=\"all\" data-has-bg-color=\"false\" data-bg-color=\"\" data-bg-opacity=\"1\" data-animation=\"\" data-delay=\"0\" >\n\t\t<div class=\"vc_column-inner\" >\n\t\t\t<div class=\"wpb_wrapper\">\n\t\t\t\t<div class=\"img-with-aniamtion-wrap\" data-max-width=\"100%\" data-max-width-mobile=\"default\" data-shadow=\"none\" data-animation=\"none\"  style=\"margin-bottom: 7%; \">\n      <div class=\"inner\">\n        <div class=\"hover-wrap\"> \n          <div class=\"hover-wrap-inner\">\n            <img loading=\"lazy\" decoding=\"async\" class=\"img-with-animation skip-lazy\" data-delay=\"0\" height=\"700\" width=\"700\" data-animation=\"none\" src=\"https:\/\/argotek.es\/wp-content\/uploads\/2024\/07\/3.png\" alt=\"Urbanizaci\u00f3n Barrio Cabanyal, Valencia.\" srcset=\"https:\/\/argotek.es\/wp-content\/uploads\/2024\/07\/3.png 700w, https:\/\/argotek.es\/wp-content\/uploads\/2024\/07\/3-300x300.png 300w, https:\/\/argotek.es\/wp-content\/uploads\/2024\/07\/3-150x150.png 150w, https:\/\/argotek.es\/wp-content\/uploads\/2024\/07\/3-140x140.png 140w, https:\/\/argotek.es\/wp-content\/uploads\/2024\/07\/3-100x100.png 100w, https:\/\/argotek.es\/wp-content\/uploads\/2024\/07\/3-500x500.png 500w, https:\/\/argotek.es\/wp-content\/uploads\/2024\/07\/3-350x350.png 350w\" sizes=\"auto, (max-width: 700px) 100vw, 700px\" \/>\n          <\/div>\n        <\/div>\n      <\/div>\n    <\/div>\n<div class=\"wpb_text_column wpb_content_element\" >\n\t<div class=\"wpb_wrapper\">\n\t\t<h3 style=\"text-align: left;\"><strong>Civil engineering<\/strong><\/h3>\n\t<\/div>\n<\/div>\n\n\n\n\n<div class=\"wpb_text_column wpb_content_element\" >\n\t<div class=\"wpb_wrapper\">\n\t\t<p>Improved accessibility of the Cabanyal neighbourhood, Valencia.<\/p>\n\t<\/div>\n<\/div>\n\n\n\n\n\t\t\t<\/div> \n\t\t<\/div>\n\t<\/div> \n\n\t<div  class=\"vc_col-sm-4 wpb_column column_container vc_column_container col left_padding_desktop_0px top_padding_desktop_2pct right_padding_desktop_0px bottom_padding_desktop_2pct\"  data-padding-pos=\"all\" data-has-bg-color=\"false\" data-bg-color=\"\" data-bg-opacity=\"1\" data-animation=\"\" data-delay=\"0\" >\n\t\t<div class=\"vc_column-inner\" >\n\t\t\t<div class=\"wpb_wrapper\">\n\t\t\t\t<div class=\"img-with-aniamtion-wrap\" data-max-width=\"100%\" data-max-width-mobile=\"default\" data-shadow=\"none\" data-animation=\"none\"  style=\"margin-bottom: 7%; \">\n      <div class=\"inner\">\n        <div class=\"hover-wrap\"> \n          <div class=\"hover-wrap-inner\">\n            <img loading=\"lazy\" decoding=\"async\" class=\"img-with-animation skip-lazy\" data-delay=\"0\" height=\"700\" width=\"700\" data-animation=\"none\" src=\"https:\/\/argotek.es\/wp-content\/uploads\/2023\/03\/argotek-images-201.jpg\" alt=\"Estructuras\" srcset=\"https:\/\/argotek.es\/wp-content\/uploads\/2023\/03\/argotek-images-201.jpg 700w, https:\/\/argotek.es\/wp-content\/uploads\/2023\/03\/argotek-images-201-300x300.jpg 300w, https:\/\/argotek.es\/wp-content\/uploads\/2023\/03\/argotek-images-201-150x150.jpg 150w, https:\/\/argotek.es\/wp-content\/uploads\/2023\/03\/argotek-images-201-100x100.jpg 100w, https:\/\/argotek.es\/wp-content\/uploads\/2023\/03\/argotek-images-201-140x140.jpg 140w, https:\/\/argotek.es\/wp-content\/uploads\/2023\/03\/argotek-images-201-500x500.jpg 500w, https:\/\/argotek.es\/wp-content\/uploads\/2023\/03\/argotek-images-201-350x350.jpg 350w\" sizes=\"auto, (max-width: 700px) 100vw, 700px\" \/>\n          <\/div>\n        <\/div>\n      <\/div>\n    <\/div>\n<div class=\"wpb_text_column wpb_content_element\" >\n\t<div class=\"wpb_wrapper\">\n\t\t<h3 style=\"text-align: left;\"><strong>Structures<\/strong><\/h3>\n\t<\/div>\n<\/div>\n\n\n\n\n\t\t\t<\/div> \n\t\t<\/div>\n\t<\/div> \n<\/div><\/div>\n\t\t<div id=\"fws_69e0ea4e88c7c\"  data-column-margin=\"custom\" data-midnight=\"dark\" data-top-percent=\"2%\" data-bottom-percent=\"0%\"  class=\"wpb_row vc_row-fluid vc_row full-width-content vc_row-o-equal-height vc_row-flex vc_row-o-content-top  right_padding_10pct left_padding_10pct column-margin-4pct\"  style=\"padding-top: calc(100vw * 0.02); padding-bottom: calc(100vw * 0.00); \"><div class=\"row-bg-wrap\" data-bg-animation=\"none\" data-bg-animation-delay=\"\" data-bg-overlay=\"false\"><div class=\"inner-wrap row-bg-layer\" ><div class=\"row-bg viewport-desktop using-bg-color\"  style=\"background-color: #f5f5f5; \"><\/div><\/div><\/div><div class=\"row_col_wrap_12 col span_12 dark left\">\n\t<div  class=\"vc_col-sm-4 wpb_column column_container vc_column_container col left_padding_desktop_0px top_padding_desktop_2pct right_padding_desktop_0px bottom_padding_desktop_2pct\"  data-padding-pos=\"all\" data-has-bg-color=\"false\" data-bg-color=\"\" data-bg-opacity=\"1\" data-animation=\"\" data-delay=\"0\" >\n\t\t<div class=\"vc_column-inner\" >\n\t\t\t<div class=\"wpb_wrapper\">\n\t\t\t\t<div class=\"img-with-aniamtion-wrap\" data-max-width=\"100%\" data-max-width-mobile=\"default\" data-shadow=\"none\" data-animation=\"none\"  style=\"margin-bottom: 7%; \">\n      <div class=\"inner\">\n        <div class=\"hover-wrap\"> \n          <div class=\"hover-wrap-inner\">\n            <img loading=\"lazy\" decoding=\"async\" class=\"img-with-animation skip-lazy\" data-delay=\"0\" height=\"700\" width=\"700\" data-animation=\"none\" src=\"https:\/\/argotek.es\/wp-content\/uploads\/2024\/07\/Diseno-sin-titulo-19-1.png\" alt=\"Zanja\" srcset=\"https:\/\/argotek.es\/wp-content\/uploads\/2024\/07\/Diseno-sin-titulo-19-1.png 700w, https:\/\/argotek.es\/wp-content\/uploads\/2024\/07\/Diseno-sin-titulo-19-1-300x300.png 300w, https:\/\/argotek.es\/wp-content\/uploads\/2024\/07\/Diseno-sin-titulo-19-1-150x150.png 150w, https:\/\/argotek.es\/wp-content\/uploads\/2024\/07\/Diseno-sin-titulo-19-1-140x140.png 140w, https:\/\/argotek.es\/wp-content\/uploads\/2024\/07\/Diseno-sin-titulo-19-1-100x100.png 100w, https:\/\/argotek.es\/wp-content\/uploads\/2024\/07\/Diseno-sin-titulo-19-1-500x500.png 500w, https:\/\/argotek.es\/wp-content\/uploads\/2024\/07\/Diseno-sin-titulo-19-1-350x350.png 350w\" sizes=\"auto, (max-width: 700px) 100vw, 700px\" \/>\n          <\/div>\n        <\/div>\n      <\/div>\n    <\/div>\n<div class=\"wpb_text_column wpb_content_element\" >\n\t<div class=\"wpb_wrapper\">\n\t\t<h3 style=\"text-align: left;\"><strong>Ditches<\/strong><\/h3>\n\t<\/div>\n<\/div>\n\n\n\n\n\t\t\t<\/div> \n\t\t<\/div>\n\t<\/div> \n\n\t<div  class=\"vc_col-sm-4 wpb_column column_container vc_column_container col left_padding_desktop_0px top_padding_desktop_2pct right_padding_desktop_0px bottom_padding_desktop_2pct\"  data-padding-pos=\"all\" data-has-bg-color=\"false\" data-bg-color=\"\" data-bg-opacity=\"1\" data-animation=\"\" data-delay=\"0\" >\n\t\t<div class=\"vc_column-inner\" >\n\t\t\t<div class=\"wpb_wrapper\">\n\t\t\t\t<div class=\"img-with-aniamtion-wrap\" data-max-width=\"100%\" data-max-width-mobile=\"default\" data-shadow=\"none\" data-animation=\"none\"  style=\"margin-bottom: 7%; \">\n      <div class=\"inner\">\n        <div class=\"hover-wrap\"> \n          <div class=\"hover-wrap-inner\">\n            <img loading=\"lazy\" decoding=\"async\" class=\"img-with-animation skip-lazy\" data-delay=\"0\" height=\"800\" width=\"800\" data-animation=\"none\" src=\"https:\/\/argotek.es\/wp-content\/uploads\/2023\/05\/Arquetas-y-pozos.jpg\" alt=\"\" srcset=\"https:\/\/argotek.es\/wp-content\/uploads\/2023\/05\/Arquetas-y-pozos.jpg 800w, https:\/\/argotek.es\/wp-content\/uploads\/2023\/05\/Arquetas-y-pozos-300x300.jpg 300w, https:\/\/argotek.es\/wp-content\/uploads\/2023\/05\/Arquetas-y-pozos-150x150.jpg 150w, https:\/\/argotek.es\/wp-content\/uploads\/2023\/05\/Arquetas-y-pozos-768x768.jpg 768w, https:\/\/argotek.es\/wp-content\/uploads\/2023\/05\/Arquetas-y-pozos-100x100.jpg 100w, https:\/\/argotek.es\/wp-content\/uploads\/2023\/05\/Arquetas-y-pozos-140x140.jpg 140w, https:\/\/argotek.es\/wp-content\/uploads\/2023\/05\/Arquetas-y-pozos-500x500.jpg 500w, https:\/\/argotek.es\/wp-content\/uploads\/2023\/05\/Arquetas-y-pozos-350x350.jpg 350w\" sizes=\"auto, (max-width: 800px) 100vw, 800px\" \/>\n          <\/div>\n        <\/div>\n      <\/div>\n    <\/div>\n<div class=\"wpb_text_column wpb_content_element\" >\n\t<div class=\"wpb_wrapper\">\n\t\t<h3 style=\"text-align: left;\"><strong>Pits and manholes<\/strong><\/h3>\n\t<\/div>\n<\/div>\n\n\n\n\n\t\t\t<\/div> \n\t\t<\/div>\n\t<\/div> \n\n\t<div  class=\"vc_col-sm-4 wpb_column column_container vc_column_container col left_padding_desktop_0px top_padding_desktop_2pct right_padding_desktop_0px bottom_padding_desktop_2pct\"  data-padding-pos=\"all\" data-has-bg-color=\"false\" data-bg-color=\"\" data-bg-opacity=\"1\" data-animation=\"\" data-delay=\"0\" >\n\t\t<div class=\"vc_column-inner\" >\n\t\t\t<div class=\"wpb_wrapper\">\n\t\t\t\t<div class=\"img-with-aniamtion-wrap\" data-max-width=\"100%\" data-max-width-mobile=\"default\" data-shadow=\"none\" data-animation=\"none\"  style=\"margin-bottom: 7%; \">\n      <div class=\"inner\">\n        <div class=\"hover-wrap\"> \n          <div class=\"hover-wrap-inner\">\n            <img loading=\"lazy\" decoding=\"async\" class=\"img-with-animation skip-lazy\" data-delay=\"0\" height=\"800\" width=\"800\" data-animation=\"none\" src=\"https:\/\/argotek.es\/wp-content\/uploads\/2023\/05\/Albanileria.jpg\" alt=\"\" srcset=\"https:\/\/argotek.es\/wp-content\/uploads\/2023\/05\/Albanileria.jpg 800w, https:\/\/argotek.es\/wp-content\/uploads\/2023\/05\/Albanileria-300x300.jpg 300w, https:\/\/argotek.es\/wp-content\/uploads\/2023\/05\/Albanileria-150x150.jpg 150w, https:\/\/argotek.es\/wp-content\/uploads\/2023\/05\/Albanileria-768x768.jpg 768w, https:\/\/argotek.es\/wp-content\/uploads\/2023\/05\/Albanileria-100x100.jpg 100w, https:\/\/argotek.es\/wp-content\/uploads\/2023\/05\/Albanileria-140x140.jpg 140w, https:\/\/argotek.es\/wp-content\/uploads\/2023\/05\/Albanileria-500x500.jpg 500w, https:\/\/argotek.es\/wp-content\/uploads\/2023\/05\/Albanileria-350x350.jpg 350w\" sizes=\"auto, (max-width: 800px) 100vw, 800px\" \/>\n          <\/div>\n        <\/div>\n      <\/div>\n    <\/div>\n<div class=\"wpb_text_column wpb_content_element\" >\n\t<div class=\"wpb_wrapper\">\n\t\t<h3 style=\"text-align: left;\"><strong>Masonry<\/strong><\/h3>\n\t<\/div>\n<\/div>\n\n\n\n\n\t\t\t<\/div> \n\t\t<\/div>\n\t<\/div> \n<\/div><\/div>\n\t\t<div id=\"fws_69e0ea4e8ac14\"  data-column-margin=\"default\" data-midnight=\"dark\"  class=\"wpb_row vc_row-fluid vc_row\"  style=\"padding-top: 0px; padding-bottom: 0px; \"><div class=\"row-bg-wrap\" data-bg-animation=\"none\" data-bg-animation-delay=\"\" data-bg-overlay=\"false\"><div class=\"inner-wrap row-bg-layer\" ><div class=\"row-bg viewport-desktop\"  style=\"\"><\/div><\/div><\/div><div class=\"row_col_wrap_12 col span_12 dark left\">\n\t<div  class=\"vc_col-sm-12 wpb_column column_container vc_column_container col no-extra-padding inherit_tablet inherit_phone\"  data-padding-pos=\"all\" data-has-bg-color=\"false\" data-bg-color=\"\" data-bg-opacity=\"1\" data-animation=\"\" data-delay=\"0\" >\n\t\t<div class=\"vc_column-inner\" >\n\t\t\t<div class=\"wpb_wrapper\">\n\t\t\t\t<div class=\"divider-wrap\" data-alignment=\"default\"><div style=\"margin-top: 12.5px; width: 20%; height: 1px; margin-bottom: 12.5px;\" data-width=\"20%\" data-animate=\"\" data-animation-delay=\"\" data-color=\"default\" class=\"divider-small-border\"><\/div><\/div>\n\t\t\t<\/div> \n\t\t<\/div>\n\t<\/div> \n<\/div><\/div>","protected":false},"excerpt":{"rendered":"Construcci\u00f3n Servicio integral en trabajos de edificaci\u00f3n y obra civil. Edificaci\u00f3n Villa unifamiliar en Santa B\u00e1rbara, Rocafort, Valencia. Edificaci\u00f3n Bloque de viviendas en Avda. P\u00e9rez Gald\u00f3s, Valencia. Edificaci\u00f3n 20 viviendas...","protected":false},"author":1,"featured_media":0,"parent":0,"menu_order":0,"comment_status":"closed","ping_status":"closed","template":"","meta":{"footnotes":""},"class_list":["post-3447","page","type-page","status-publish"],"_links":{"self":[{"href":"https:\/\/argotek.es\/en\/wp-json\/wp\/v2\/pages\/3447","targetHints":{"allow":["GET"]}}],"collection":[{"href":"https:\/\/argotek.es\/en\/wp-json\/wp\/v2\/pages"}],"about":[{"href":"https:\/\/argotek.es\/en\/wp-json\/wp\/v2\/types\/page"}],"author":[{"embeddable":true,"href":"https:\/\/argotek.es\/en\/wp-json\/wp\/v2\/users\/1"}],"replies":[{"embeddable":true,"href":"https:\/\/argotek.es\/en\/wp-json\/wp\/v2\/comments?post=3447"}],"version-history":[{"count":63,"href":"https:\/\/argotek.es\/en\/wp-json\/wp\/v2\/pages\/3447\/revisions"}],"predecessor-version":[{"id":4235,"href":"https:\/\/argotek.es\/en\/wp-json\/wp\/v2\/pages\/3447\/revisions\/4235"}],"wp:attachment":[{"href":"https:\/\/argotek.es\/en\/wp-json\/wp\/v2\/media?parent=3447"}],"curies":[{"name":"wp","href":"https:\/\/api.w.org\/{rel}","templated":true}]}}