{"id":3686,"date":"2023-02-17T13:33:39","date_gmt":"2023-02-17T12:33:39","guid":{"rendered":"https:\/\/argotek.es\/?page_id=3686"},"modified":"2023-05-24T09:03:01","modified_gmt":"2023-05-24T08:03:01","slug":"quienes-somos","status":"publish","type":"page","link":"https:\/\/argotek.es\/en\/quienes-somos\/","title":{"rendered":"WHO ARE WE?"},"content":{"rendered":"<div id=\"fws_69e0d4340968e\"  data-column-margin=\"none\" data-midnight=\"dark\" data-top-percent=\"10%\" data-bottom-percent=\"10%\"  class=\"wpb_row vc_row-fluid vc_row full-width-section\"  style=\"padding-top: calc(100vw * 0.10); padding-bottom: calc(100vw * 0.10); \"><div class=\"row-bg-wrap\" data-bg-animation=\"none\" data-bg-animation-delay=\"\" data-bg-overlay=\"false\"><div class=\"inner-wrap row-bg-layer\" ><div class=\"row-bg viewport-desktop\"  style=\"\"><\/div><\/div><\/div><div class=\"row_col_wrap_12 col span_12 dark left\">\n\t<div  class=\"vc_col-sm-12 wpb_column column_container vc_column_container col no-extra-padding inherit_tablet inherit_phone\"  data-padding-pos=\"all\" data-has-bg-color=\"false\" data-bg-color=\"\" data-bg-opacity=\"1\" data-animation=\"\" data-delay=\"0\" >\n\t\t<div class=\"vc_column-inner\" >\n\t\t\t<div class=\"wpb_wrapper\">\n\t\t\t\t<div class=\"nectar-highlighted-text\" data-style=\"scribble\" data-exp=\"default\" data-using-custom-color=\"false\" data-animation-delay=\"false\" data-color=\"\" data-color-gradient=\"\" style=\"\"><h1 style=\"text-align: center\">ABOUT <span style=\"color: #f7be00\">\u00a0US<\/span><\/h1>\n<\/div>\n<div class=\"wpb_text_column wpb_content_element\" >\n\t<div class=\"wpb_wrapper\">\n\t\t<h3 style=\"text-align: center;\">Argotek, getting closer to you every day.<\/h3>\n\t<\/div>\n<\/div>\n\n\n\n\n\t\t\t<\/div> \n\t\t<\/div>\n\t<\/div> \n<\/div><\/div>\n\t\t<div id=\"fws_69e0d4340aa96\"  data-column-margin=\"default\" data-midnight=\"dark\"  class=\"wpb_row vc_row-fluid vc_row full-width-content vc_row-o-equal-height vc_row-flex vc_row-o-content-middle\"  style=\"padding-top: 0px; padding-bottom: 0px; \"><div class=\"row-bg-wrap\" data-bg-animation=\"none\" data-bg-animation-delay=\"\" data-bg-overlay=\"false\"><div class=\"inner-wrap row-bg-layer\" ><div class=\"row-bg viewport-desktop using-bg-color\"  style=\"background-color: #ffffff; \"><\/div><\/div><\/div><div class=\"row_col_wrap_12 col span_12 dark left\">\n\t<div style=\"\" class=\"vc_col-sm-6 wpb_column column_container vc_column_container col padding-10-percent inherit_tablet inherit_phone\" data-using-bg=\"true\" data-padding-pos=\"all\" data-has-bg-color=\"true\" data-bg-color=\"#f4f4f4\" data-bg-opacity=\"1\" data-animation=\"\" data-delay=\"0\" >\n\t\t<div class=\"vc_column-inner\" ><div class=\"column-bg-overlay-wrap column-bg-layer\" data-bg-animation=\"none\"><div class=\"column-bg-overlay\" style=\"opacity: 1; background-color: #f4f4f4;\"><\/div><\/div>\n\t\t\t<div class=\"wpb_wrapper\">\n\t\t\t\t<div id=\"fws_69e0d4340b097\" data-midnight=\"\" data-column-margin=\"default\" class=\"wpb_row vc_row-fluid vc_row inner_row\"  style=\"\"><div class=\"row-bg-wrap\"> <div class=\"row-bg\" ><\/div> <\/div><div class=\"row_col_wrap_12_inner col span_12  left\">\n\t<div  class=\"vc_col-sm-12 wpb_column column_container vc_column_container col child_column has-animation no-extra-padding inherit_tablet inherit_phone\"   data-padding-pos=\"all\" data-has-bg-color=\"false\" data-bg-color=\"\" data-bg-opacity=\"1\" data-animation=\"fade-in-from-bottom\" data-delay=\"0\" >\n\t\t<div class=\"vc_column-inner\" >\n\t\t<div class=\"wpb_wrapper\">\n\t\t\t<h5 style=\"color: #f7be00;text-align: left\" class=\"vc_custom_heading vc_do_custom_heading vc_custom_1683880099181\" >History<\/h5><h2 style=\"font-size: 40px;line-height: 50px;text-align: left\" class=\"vc_custom_heading vc_do_custom_heading\" >Argotek is a Valencian installation company whose scope of operations extends across the entire national territory.<\/h2><p style=\"color: rgba(10,10,10,0.6);text-align: left\" class=\"vc_custom_heading vc_do_custom_heading\" >The multidisciplinary nature of our company allows us to carry out a wide variety of\ninstallations. We offer a comprehensive service to our clients, from the start of the project\nto its commissioning, including all the necessary legal procedures.<\/p>\n\t\t<\/div> \n\t<\/div>\n\t<\/div> \n<\/div><\/div>\n\t\t\t<\/div> \n\t\t<\/div>\n\t<\/div> \n\n\t<div style=\"\" class=\"vc_col-sm-6 wpb_column column_container vc_column_container col no-extra-padding inherit_tablet inherit_phone\" data-using-bg=\"true\" data-bg-cover=\"true\" data-padding-pos=\"all\" data-has-bg-color=\"false\" data-bg-color=\"\" data-bg-opacity=\"1\" data-animation=\"\" data-delay=\"0\" >\n\t\t<div class=\"vc_column-inner\" ><div class=\"column-image-bg-wrap column-bg-layer viewport-desktop\" data-bg-pos=\"center center\" data-bg-animation=\"none\" data-bg-overlay=\"false\"><div class=\"inner-wrap\"><div class=\"column-image-bg\" style=\" background-image: url('https:\/\/argotek.es\/wp-content\/uploads\/2023\/03\/argotek-images-164.jpg'); \"><\/div><\/div><\/div>\n\t\t\t<div class=\"wpb_wrapper\">\n\t\t\t\t\n\t\t\t<\/div> \n\t\t<\/div>\n\t<\/div> \n<\/div><\/div>\n\t\t<div id=\"fws_69e0d4340c825\"  data-column-margin=\"default\" data-midnight=\"dark\"  class=\"wpb_row vc_row-fluid vc_row full-width-content vc_row-o-equal-height vc_row-flex vc_row-o-content-middle\"  style=\"padding-top: 0px; padding-bottom: 0px; \"><div class=\"row-bg-wrap\" data-bg-animation=\"none\" data-bg-animation-delay=\"\" data-bg-overlay=\"false\"><div class=\"inner-wrap row-bg-layer\" ><div class=\"row-bg viewport-desktop\"  style=\"\"><\/div><\/div><\/div><div class=\"row_col_wrap_12 col span_12 dark left\">\n\t<div style=\"\" class=\"vc_col-sm-6 vc_col-sm-push-6 wpb_column column_container vc_column_container col padding-10-percent inherit_tablet inherit_phone\" data-using-bg=\"true\" data-padding-pos=\"all\" data-has-bg-color=\"true\" data-bg-color=\"#f4f4f4\" data-bg-opacity=\"1\" data-animation=\"\" data-delay=\"0\" >\n\t\t<div class=\"vc_column-inner\" ><div class=\"column-bg-overlay-wrap column-bg-layer\" data-bg-animation=\"none\"><div class=\"column-bg-overlay\" style=\"opacity: 1; background-color: #f4f4f4;\"><\/div><\/div>\n\t\t\t<div class=\"wpb_wrapper\">\n\t\t\t\t<div id=\"fws_69e0d4340cba0\" data-midnight=\"\" data-column-margin=\"default\" class=\"wpb_row vc_row-fluid vc_row inner_row\"  style=\"\"><div class=\"row-bg-wrap\"> <div class=\"row-bg\" ><\/div> <\/div><div class=\"row_col_wrap_12_inner col span_12  left\">\n\t<div  class=\"vc_col-sm-12 wpb_column column_container vc_column_container col child_column has-animation no-extra-padding inherit_tablet inherit_phone\"   data-padding-pos=\"all\" data-has-bg-color=\"false\" data-bg-color=\"\" data-bg-opacity=\"1\" data-animation=\"fade-in-from-bottom\" data-delay=\"0\" >\n\t\t<div class=\"vc_column-inner\" >\n\t\t<div class=\"wpb_wrapper\">\n\t\t\t<h2 style=\"font-size: 40px;line-height: 50px;text-align: left\" class=\"vc_custom_heading vc_do_custom_heading\" >Human Team<\/h2><p style=\"color: rgba(10,10,10,0.6);text-align: left\" class=\"vc_custom_heading vc_do_custom_heading\" >We have highly qualified professionals who have participated in many projects,\ncontributing their extensive experience: industrial engineers, telecommunications\nengineers, foremen, foremen, first class officers, etc.<\/p>\n<p>We promote the continuous training of our workers, enabling the development of their\nprofessional careers, and we incorporate them into the company's Corporate Social\nResponsibility policy. We have the tools, equipment and means necessary for the correct\nexecution of the work. We also have warehouses for stockpiling materials, machinery, as\nwell as our own fleet of vehicles.<\/p>\n<p>As the years have gone by, we have grown and evolved in the sector to reach the current offer, which we will continue to expand thanks to our staff, our technical and material\nresources and our customers and suppliers, the foundations on which our company is\nbuilt.<\/p>\n\t\t<\/div> \n\t<\/div>\n\t<\/div> \n<\/div><\/div>\n\t\t\t<\/div> \n\t\t<\/div>\n\t<\/div> \n\n\t<div style=\"\" class=\"vc_col-sm-6 vc_col-sm-pull-6 wpb_column column_container vc_column_container col no-extra-padding inherit_tablet inherit_phone\" data-using-bg=\"true\" data-bg-cover=\"true\" data-padding-pos=\"all\" data-has-bg-color=\"false\" data-bg-color=\"\" data-bg-opacity=\"1\" data-animation=\"\" data-delay=\"0\" >\n\t\t<div class=\"vc_column-inner\" ><div class=\"column-image-bg-wrap column-bg-layer viewport-desktop\" data-bg-pos=\"center center\" data-bg-animation=\"none\" data-bg-overlay=\"false\"><div class=\"inner-wrap\"><div class=\"column-image-bg\" style=\" background-image: url('https:\/\/argotek.es\/wp-content\/uploads\/2023\/03\/argotek1.jpg'); \"><\/div><\/div><\/div>\n\t\t\t<div class=\"wpb_wrapper\">\n\t\t\t\t\n\t\t\t<\/div> \n\t\t<\/div>\n\t<\/div> \n<\/div><\/div>\n\t\t<div id=\"about-text\"  data-column-margin=\"default\" data-midnight=\"dark\" data-top-percent=\"8%\" data-bottom-percent=\"7%\"  class=\"wpb_row vc_row-fluid vc_row full-width-section\"  style=\"padding-top: calc(100vw * 0.08); padding-bottom: calc(100vw * 0.07); \"><div class=\"row-bg-wrap\" data-bg-animation=\"none\" data-bg-animation-delay=\"\" data-bg-overlay=\"false\"><div class=\"inner-wrap row-bg-layer\" ><div class=\"row-bg viewport-desktop using-bg-color\"  style=\"background-color: #ffffff; \"><\/div><\/div><\/div><div class=\"row_col_wrap_12 col span_12 dark left\">\n\t<div  class=\"vc_col-sm-12 wpb_column column_container vc_column_container col has-animation no-extra-padding inherit_tablet inherit_phone\"  data-padding-pos=\"all\" data-has-bg-color=\"false\" data-bg-color=\"\" data-bg-opacity=\"1\" data-animation=\"fade-in-from-bottom\" data-delay=\"0\" >\n\t\t<div class=\"vc_column-inner\" >\n\t\t\t<div class=\"wpb_wrapper\">\n\t\t\t\t\n<div class=\"wpb_text_column wpb_content_element  vc_custom_1683880303438\" >\n\t<div class=\"wpb_wrapper\">\n\t\t<h5><span style=\"color: #f7be00;\">MISSION, VISION, VALUES<\/span><\/h5>\n<h2>Argotek's philosophy is based on ensuring high quality standards in the execution of the\ninstallations contracted.<\/h2>\n\t<\/div>\n<\/div>\n\n\n\n<div id=\"fws_69e0d4340e00a\" data-midnight=\"\" data-column-margin=\"default\" class=\"wpb_row vc_row-fluid vc_row inner_row\"  style=\"\"><div class=\"row-bg-wrap\"> <div class=\"row-bg\" ><\/div> <\/div><div class=\"row_col_wrap_12_inner col span_12  left\">\n\t<div  class=\"vc_col-sm-6 wpb_column column_container vc_column_container col child_column has-animation padding-3-percent inherit_tablet inherit_phone\"   data-padding-pos=\"top-bottom\" data-has-bg-color=\"false\" data-bg-color=\"\" data-bg-opacity=\"1\" data-animation=\"fade-in-from-bottom\" data-delay=\"0\" >\n\t\t<div class=\"vc_column-inner\" >\n\t\t<div class=\"wpb_wrapper\">\n\t\t\t\n<div class=\"wpb_text_column wpb_content_element  vc_custom_1683880319156\" >\n\t<div class=\"wpb_wrapper\">\n\t\t<p>Throughout our trajectory, Argotek's mission has been to carry out all the work, meeting\nour clients' deadlines and maintaining the quality that characterizes us.<\/p>\n\t<\/div>\n<\/div>\n\n\n\n\n\t\t<\/div> \n\t<\/div>\n\t<\/div> \n\n\t<div  class=\"vc_col-sm-6 wpb_column column_container vc_column_container col child_column has-animation padding-3-percent inherit_tablet inherit_phone\"   data-padding-pos=\"top-bottom\" data-has-bg-color=\"false\" data-bg-color=\"\" data-bg-opacity=\"1\" data-animation=\"fade-in-from-bottom\" data-delay=\"100\" >\n\t\t<div class=\"vc_column-inner\" >\n\t\t<div class=\"wpb_wrapper\">\n\t\t\t\n<div class=\"wpb_text_column wpb_content_element  vc_custom_1683880336956\" >\n\t<div class=\"wpb_wrapper\">\n\t\t<p>The company's vision is to consolidate and maintain its leadership in the market, solving\nthe technical problems encountered by any client. Our values are the foundation of our\nmission.<\/p>\n\t<\/div>\n<\/div>\n\n\n\n\n\t\t<\/div> \n\t<\/div>\n\t<\/div> \n<\/div><\/div>\n\t\t\t<\/div> \n\t\t<\/div>\n\t<\/div> \n<\/div><\/div>\n\t\t<div id=\"fws_69e0d4340e956\"  data-column-margin=\"default\" data-midnight=\"dark\" data-top-percent=\"6%\" data-bottom-percent=\"6%\"  class=\"wpb_row vc_row-fluid vc_row full-width-content vc_row-o-equal-height vc_row-flex vc_row-o-content-top  right_padding_18pct left_padding_18pct top_padding_phone_15pct bottom_padding_tablet_15pct right_padding_tablet_18pct right_padding_phone_8pct left_padding_tablet_18pct left_padding_phone_8pct\"  style=\"padding-top: calc(100vw * 0.06); padding-bottom: calc(100vw * 0.06); \"><div class=\"row-bg-wrap\" data-bg-animation=\"none\" data-bg-animation-delay=\"\" data-bg-overlay=\"false\"><div class=\"inner-wrap row-bg-layer\" ><div class=\"row-bg viewport-desktop\"  style=\"\"><\/div><\/div><\/div><div class=\"row_col_wrap_12 col span_12 dark left\">\n\t<div  class=\"vc_col-sm-12 wpb_column column_container vc_column_container col centered-text no-extra-padding inherit_tablet inherit_phone\"  data-padding-pos=\"all\" data-has-bg-color=\"false\" data-bg-color=\"\" data-bg-opacity=\"1\" data-animation=\"\" data-delay=\"0\" >\n\t\t<div class=\"vc_column-inner\" >\n\t\t\t<div class=\"wpb_wrapper\">\n\t\t\t\t\n<div class=\"wpb_text_column wpb_content_element  vc_custom_1683882580913\" >\n\t<div class=\"wpb_wrapper\">\n\t\t<h5 style=\"text-align: center;\"><span style=\"color: #f7be00;\">OUR CLIENTS<\/span><\/h5>\n\t<\/div>\n<\/div>\n\n\n\n<div class=\"nectar-text-inline-images nectar-link-underline-effect font_size_desktop_2rem font_size_tablet_4vw font_size_phone_5vw nectar-text-inline-images--animation_circle_fade_in font_line_height_1-5\"><div class=\"nectar-text-inline-images__inner\">\n<h2>Heberger <span class=\"nectar-text-inline-images__marker\" data-img-size=\"medium_featured\">&nbsp;<img loading=\"lazy\" decoding=\"async\" class=\"nectar-text-inline-images__image\" src=\"https:\/\/argotek.es\/wp-content\/uploads\/2023\/03\/argotek-images-198.jpg\" width=\"700\" height=\"700\" alt=\"\" \/><\/span> Sedesa <span class=\"nectar-text-inline-images__marker\" data-img-size=\"medium_featured\">&nbsp;<img loading=\"lazy\" decoding=\"async\" class=\"nectar-text-inline-images__image\" src=\"https:\/\/argotek.es\/wp-content\/uploads\/2023\/03\/argotek-images-153.jpg\" width=\"700\" height=\"700\" alt=\"\" \/><\/span> UTE Alcal\u00e0 de Xivert <span class=\"nectar-text-inline-images__marker\" data-img-size=\"medium_featured\">&nbsp;<img loading=\"lazy\" decoding=\"async\" class=\"nectar-text-inline-images__image\" src=\"https:\/\/argotek.es\/wp-content\/uploads\/2023\/01\/argotek-images-039-min-800x800.jpg\" width=\"800\" height=\"800\" alt=\"\" \/><\/span> UTE Ronda Norte <span class=\"nectar-text-inline-images__marker\" data-img-size=\"medium_featured\">&nbsp;<img loading=\"lazy\" decoding=\"async\" class=\"nectar-text-inline-images__image\" src=\"https:\/\/argotek.es\/wp-content\/uploads\/2022\/12\/pexels-paul-5612889-800x800.jpg\" width=\"800\" height=\"800\" alt=\"\" \/><\/span> CHM <span class=\"nectar-text-inline-images__marker\" data-img-size=\"medium_featured\">&nbsp;<img loading=\"lazy\" decoding=\"async\" class=\"nectar-text-inline-images__image\" src=\"https:\/\/argotek.es\/wp-content\/uploads\/2023\/02\/argotek-instalaciones-electricas-images-040-800x800.jpg\" width=\"800\" height=\"800\" alt=\"\" \/><\/span> LIC-Levantina <span class=\"nectar-text-inline-images__marker\" data-img-size=\"medium_featured\">&nbsp;<img loading=\"lazy\" decoding=\"async\" class=\"nectar-text-inline-images__image\" src=\"https:\/\/argotek.es\/wp-content\/uploads\/2023\/03\/argotek-images-170.jpg\" width=\"700\" height=\"700\" alt=\"\" \/><\/span> Ingenier\u00eda y Construcci\u00f3n <span class=\"nectar-text-inline-images__marker\" data-img-size=\"medium_featured\">&nbsp;<img loading=\"lazy\" decoding=\"async\" class=\"nectar-text-inline-images__image\" src=\"https:\/\/argotek.es\/wp-content\/uploads\/2023\/03\/argotek-images-180.jpg\" width=\"700\" height=\"700\" alt=\"\" \/><\/span> Montesanco <span class=\"nectar-text-inline-images__marker\" data-img-size=\"medium_featured\">&nbsp;<img loading=\"lazy\" decoding=\"async\" class=\"nectar-text-inline-images__image\" src=\"https:\/\/argotek.es\/wp-content\/uploads\/2023\/03\/argotek1.jpg\" width=\"800\" height=\"800\" alt=\"\" \/><\/span> Pavasal y Vareser<\/h2>\n<\/div><\/div>\n\t\t\t<\/div> \n\t\t<\/div>\n\t<\/div> \n<\/div><\/div>","protected":false},"excerpt":{"rendered":"SOBRE \u00a0NOSOTROS Argotek cada d\u00eda m\u00e1s cerca de ti. HIstoriaArgotek es una empresa instaladora valenciana cuyo \u00e1mbito de actuaci\u00f3n se desarrolla en todo el territorio nacional.El car\u00e1cter multidisciplinar de nuestra...","protected":false},"author":1,"featured_media":0,"parent":0,"menu_order":0,"comment_status":"closed","ping_status":"closed","template":"","meta":{"footnotes":""},"class_list":["post-3686","page","type-page","status-publish"],"_links":{"self":[{"href":"https:\/\/argotek.es\/en\/wp-json\/wp\/v2\/pages\/3686","targetHints":{"allow":["GET"]}}],"collection":[{"href":"https:\/\/argotek.es\/en\/wp-json\/wp\/v2\/pages"}],"about":[{"href":"https:\/\/argotek.es\/en\/wp-json\/wp\/v2\/types\/page"}],"author":[{"embeddable":true,"href":"https:\/\/argotek.es\/en\/wp-json\/wp\/v2\/users\/1"}],"replies":[{"embeddable":true,"href":"https:\/\/argotek.es\/en\/wp-json\/wp\/v2\/comments?post=3686"}],"version-history":[{"count":13,"href":"https:\/\/argotek.es\/en\/wp-json\/wp\/v2\/pages\/3686\/revisions"}],"predecessor-version":[{"id":4154,"href":"https:\/\/argotek.es\/en\/wp-json\/wp\/v2\/pages\/3686\/revisions\/4154"}],"wp:attachment":[{"href":"https:\/\/argotek.es\/en\/wp-json\/wp\/v2\/media?parent=3686"}],"curies":[{"name":"wp","href":"https:\/\/api.w.org\/{rel}","templated":true}]}}