{"id":4268,"date":"2025-05-22T18:44:55","date_gmt":"2025-05-22T17:44:55","guid":{"rendered":"https:\/\/argotek.es\/?page_id=4268"},"modified":"2026-01-07T16:18:53","modified_gmt":"2026-01-07T15:18:53","slug":"empleo","status":"publish","type":"page","link":"https:\/\/argotek.es\/en\/empleo\/","title":{"rendered":"Empleo"},"content":{"rendered":"<h2>\u00daNETE A NUESTRO EQUIPO<\/h2>\n<p>&nbsp;<\/p>\n<p><strong>\ud83c\udfd7\ufe0f\ud83d\udca1 \u00bfTe gustar\u00eda formar parte de Argotek y trabajar con grandes profesionales?<\/strong><\/p>\n<p>Empieza este a\u00f1o 2026 con buen pie y \u00fanete al equipo ARGOTEK.\u00a0 Estamos buscando:<\/p>\n<ul>\n<li><strong>OFICIAL DE ELECTRICIDAD<\/strong><\/li>\n<li><strong>OFICAL DE CLIMATIZACI\u00d3N<\/strong><\/li>\n<li><strong>OFICIAL DE FONTANER\u00cdA<\/strong><\/li>\n<\/ul>\n<p><strong>\u00bfQu\u00e9 te ofrecemos?<\/strong><\/p>\n<ul>\n<li><strong>Contrato indefinido\u00a0<\/strong>para que puedas enchufarte a un proyecto de futuro. \ud83d\udcbc<\/li>\n<li>Salario en funci\u00f3n de val\u00eda y experiencia.<\/li>\n<li>Proyectos t\u00e9cnicos interesantes, equipo cercano y cultura de mejora continua. \ud83d\ude80<\/li>\n<\/ul>\n<p><strong>\u00bfYa nos conoces?<\/strong><\/p>\n<p>Argotek ejecuta todo tipo de instalaciones, incluyendo el asesoramiento y direcci\u00f3n de obra, ofreciendo un servicio completo de Project Management gratuito desde el estudio de la obra hasta la puesta en servicio. El talento y experiencia de nuestro equipo humano garantiza el \u00e9xito de los proyectos de nuestros clientes.<\/p>\n<p>Tanto si prefieres un <strong>contrato laboral<\/strong> como si te interesa trabajar como <strong>aut\u00f3nomo<\/strong>, \u00a1queremos conocerte!<\/p>\n<p>Si la electricidad corre por tus venas y te apetece formar parte de un equipo con buena energ\u00eda, \u00a1no dudes en contactarnos! Estamos deseando leer tu candidatura. \ud83d\ude0a<\/p>\n<p><strong>\u00a1Ilumina tu futuro con nosotros!<\/strong> \ud83c\udf1f<\/p>\n<p>&nbsp;<\/p>\n<p>Inscr\u00edbete en nuestras ofertas de trabajo rellenando el siguiente formulario:<\/p>\n\n<div class=\"wpcf7 no-js\" id=\"wpcf7-f4267-o1\" lang=\"es-ES\" dir=\"ltr\" data-wpcf7-id=\"4267\">\n<div class=\"screen-reader-response\"><p role=\"status\" aria-live=\"polite\" aria-atomic=\"true\"><\/p> <ul><\/ul><\/div>\n<form action=\"\/en\/wp-json\/wp\/v2\/pages\/4268#wpcf7-f4267-o1\" method=\"post\" class=\"wpcf7-form init\" aria-label=\"Formulario de contacto\" enctype=\"multipart\/form-data\" novalidate=\"novalidate\" data-status=\"init\" data-trp-original-action=\"\/en\/wp-json\/wp\/v2\/pages\/4268#wpcf7-f4267-o1\">\n<fieldset class=\"hidden-fields-container\"><input type=\"hidden\" name=\"_wpcf7\" value=\"4267\" \/><input type=\"hidden\" name=\"_wpcf7_version\" value=\"6.1.5\" \/><input type=\"hidden\" name=\"_wpcf7_locale\" value=\"es_ES\" \/><input type=\"hidden\" name=\"_wpcf7_unit_tag\" value=\"wpcf7-f4267-o1\" \/><input type=\"hidden\" name=\"_wpcf7_container_post\" value=\"0\" \/><input type=\"hidden\" name=\"_wpcf7_posted_data_hash\" value=\"\" \/>\n<\/fieldset>\n<p><label> Your name<br \/>\n<span class=\"wpcf7-form-control-wrap\" data-name=\"your-name\"><input size=\"40\" maxlength=\"400\" class=\"wpcf7-form-control wpcf7-text wpcf7-validates-as-required\" autocomplete=\"name\" aria-required=\"true\" aria-invalid=\"false\" value=\"\" type=\"text\" name=\"your-name\" \/><\/span> <\/label>\n<\/p>\n<p><label> Your e-mail<br \/>\n<span class=\"wpcf7-form-control-wrap\" data-name=\"your-email\"><input size=\"40\" maxlength=\"400\" class=\"wpcf7-form-control wpcf7-email wpcf7-validates-as-required wpcf7-text wpcf7-validates-as-email\" autocomplete=\"email\" aria-required=\"true\" aria-invalid=\"false\" value=\"\" type=\"email\" name=\"your-email\" \/><\/span> <\/label>\n<\/p>\n<p><label> \u00bfQu\u00e9 posici\u00f3n te interesa?<br \/>\n<span class=\"wpcf7-form-control-wrap\" data-name=\"your-subject\"><input size=\"40\" maxlength=\"400\" class=\"wpcf7-form-control wpcf7-text wpcf7-validates-as-required\" aria-required=\"true\" aria-invalid=\"false\" value=\"\" type=\"text\" name=\"your-subject\" \/><\/span> <\/label>\n<\/p>\n<p><label> \u00bfQu\u00e9 puedes aportar a Argotek? (opcional)<br \/>\n<span class=\"wpcf7-form-control-wrap\" data-name=\"your-message\"><textarea cols=\"40\" rows=\"10\" maxlength=\"2000\" class=\"wpcf7-form-control wpcf7-textarea\" aria-invalid=\"false\" name=\"your-message\"><\/textarea><\/span> <\/label>\n<\/p>\n<p><label> Adjunta tu Curr\u00edculum (m\u00e1ximo 1mb)<br \/>\n<span class=\"wpcf7-form-control-wrap\" data-name=\"Curriculum\"><input size=\"40\" class=\"wpcf7-form-control wpcf7-file\" accept=\"audio\/*,video\/*,image\/*\" aria-invalid=\"false\" type=\"file\" name=\"Curriculum\" \/><\/span><\/label>\n<\/p>\n<p><input class=\"wpcf7-form-control wpcf7-submit has-spinner\" type=\"submit\" value=\"Send\" \/>\n<\/p><div class=\"wpcf7-response-output\" aria-hidden=\"true\"><\/div>\n<input type=\"hidden\" name=\"trp-form-language\" value=\"en\"\/><\/form>\n<\/div>\n\n<p>&nbsp;<\/p>\n<p>Tambi\u00e9n apostamos por el talento joven a trav\u00e9s de nuestro\u00a0<strong>programa de pr\u00e1cticas<\/strong>. Si quieres trabajar con nosotros mediante un convenio de colaboraci\u00f3n, cont\u00e1ctanos.<\/p>","protected":false},"excerpt":{"rendered":"<p>\u00daNETE A NUESTRO EQUIPO &nbsp; \ud83c\udfd7\ufe0f\ud83d\udca1 \u00bfTe gustar\u00eda formar parte de Argotek y trabajar con grandes profesionales? Empieza este a\u00f1o 2026 con buen pie y \u00fanete al equipo ARGOTEK.\u00a0 Estamos&#8230;<\/p>","protected":false},"author":2,"featured_media":0,"parent":0,"menu_order":0,"comment_status":"closed","ping_status":"closed","template":"","meta":{"footnotes":""},"class_list":["post-4268","page","type-page","status-publish"],"_links":{"self":[{"href":"https:\/\/argotek.es\/en\/wp-json\/wp\/v2\/pages\/4268","targetHints":{"allow":["GET"]}}],"collection":[{"href":"https:\/\/argotek.es\/en\/wp-json\/wp\/v2\/pages"}],"about":[{"href":"https:\/\/argotek.es\/en\/wp-json\/wp\/v2\/types\/page"}],"author":[{"embeddable":true,"href":"https:\/\/argotek.es\/en\/wp-json\/wp\/v2\/users\/2"}],"replies":[{"embeddable":true,"href":"https:\/\/argotek.es\/en\/wp-json\/wp\/v2\/comments?post=4268"}],"version-history":[{"count":19,"href":"https:\/\/argotek.es\/en\/wp-json\/wp\/v2\/pages\/4268\/revisions"}],"predecessor-version":[{"id":4294,"href":"https:\/\/argotek.es\/en\/wp-json\/wp\/v2\/pages\/4268\/revisions\/4294"}],"wp:attachment":[{"href":"https:\/\/argotek.es\/en\/wp-json\/wp\/v2\/media?parent=4268"}],"curies":[{"name":"wp","href":"https:\/\/api.w.org\/{rel}","templated":true}]}}